{"id":10203,"date":"2020-11-30T11:04:16","date_gmt":"2020-11-30T11:04:16","guid":{"rendered":"https:\/\/www.thurne.com\/?page_id=10203"},"modified":"2022-11-07T15:26:30","modified_gmt":"2022-11-07T15:26:30","slug":"wysokowydajne-systemy-do-krojenia","status":"publish","type":"page","link":"https:\/\/www.thurne.com\/pl\/","title":{"rendered":"Wysokowydajne systemy do krojenia"},"content":{"rendered":"<div class=\"wpb-content-wrapper\"><p>[vc_row][vc_column css=&#8221;.vc_custom_1667832428622{margin-top: -25px !important;}&#8221;][vc_empty_space height=&#8221;20px&#8221;][\/vc_column][\/vc_row][vc_row full_height=&#8221;yes&#8221; columns_placement=&#8221;top&#8221; equal_height=&#8221;yes&#8221; content_placement=&#8221;top&#8221; css=&#8221;.vc_custom_1667832955162{margin-top: 0px !important;margin-right: 10px !important;margin-left: 10px !important;}&#8221;][vc_column width=&#8221;1\/4&#8243; css=&#8221;.vc_custom_1667832911638{margin-top: 0px !important;}&#8221;][mvc_infobox info_opt=&#8221;show_icon&#8221; icon_size=&#8221;50&#8243; icon_height=&#8221;60&#8243; link=&#8221;link_box&#8221; title_color=&#8221;#012169&#8243; font_icon=&#8221;fas fa-tachometer-alt&#8221; icon_color=&#8221;#012169&#8243; icon_bg=&#8221;#ffffff&#8221; info_title=&#8221;ZWI\u0118KSZENIE WYDAJNO\u015aCI&#8221; title_size=&#8221;18&#8243; caption_url=&#8221;&#8221; btn_url=&#8221;url:https%3A%2F%2Fwww.thurne.com%2Fpl%2Fo-nas%2F|title:About%20us&#8221;]<\/p>\n<p style=\"text-align: center;\">Thurne przesuwa granice technologii krojenia od 1967 roku, stale unowocze\u015bniaj\u0105c systemy, kt\u00f3re maksymalizuj\u0105 wydajno\u015b\u0107 i przepustowo\u015b\u0107.<\/p>\n<p>[\/mvc_infobox][\/vc_column][vc_column width=&#8221;1\/4&#8243;][mvc_infobox info_opt=&#8221;show_icon&#8221; icon_size=&#8221;50&#8243; icon_height=&#8221;60&#8243; link=&#8221;link_box&#8221; title_color=&#8221;#012169&#8243; font_icon=&#8221;fas fa-bacon&#8221; icon_color=&#8221;#012169&#8243; icon_bg=&#8221;#ffffff&#8221; info_title=&#8221;ROZUMIEMY BEKON!&#8221; title_size=&#8221;18&#8243; caption_url=&#8221;&#8221; btn_url=&#8221;url:https%3A%2F%2Fwww.thurne.com%2Fpl%2Fkrojenie-boczku%2F|title:Bacon%20Slicing&#8221;]<\/p>\n<p style=\"text-align: center;\">Dzi\u0119ki ponad 50-letniemu do\u015bwiadczeniu w zastosowaniach w handlu detalicznym i gastronomi\u0105, Thurne jest zaufanym doradc\u0105 w bran\u017cy przetw\u00f3rstwa bekonu.<\/p>\n<p>[\/mvc_infobox][\/vc_column][vc_column width=&#8221;1\/4&#8243;][mvc_infobox info_opt=&#8221;show_icon&#8221; icon_size=&#8221;50&#8243; icon_height=&#8221;60&#8243; link=&#8221;link_box&#8221; title_color=&#8221;#012169&#8243; font_icon=&#8221;fas fa-hands-helping&#8221; icon_color=&#8221;#012169&#8243; icon_bg=&#8221;#ffffff&#8221; info_title=&#8221;MARKA MIDDLEBY&#8221; title_size=&#8221;18&#8243; caption_url=&#8221;&#8221; btn_url=&#8221;url:https%3A%2F%2Fwww.middprocessing.com&#8221;]<\/p>\n<p style=\"text-align: center;\">Jako cz\u0119\u015b\u0107 Grupy Middleby Food Processing &amp; Packaging jeste\u015bmy silnym partnerem i mo\u017cemy dostarcza\u0107 w pe\u0142ni zintegrowane linie do krojenia, od przygotowania produktu po pakowanie.<\/p>\n<p>[\/mvc_infobox][\/vc_column][vc_column width=&#8221;1\/4&#8243;][mvc_infobox info_opt=&#8221;show_icon&#8221; icon_size=&#8221;50&#8243; icon_height=&#8221;60&#8243; link=&#8221;link_box&#8221; title_color=&#8221;#012169&#8243; font_icon=&#8221;fas fa-phone&#8221; icon_color=&#8221;#012169&#8243; icon_bg=&#8221;#ffffff&#8221; info_title=&#8221; DU\u017bA SIE\u0106&#8221; title_size=&#8221;18&#8243; caption_url=&#8221;&#8221; btn_url=&#8221;url:https%3A%2F%2Fwww.thurne.com%2Fpl%2Fkontakt%2F|title:Contact&#8221;]<\/p>\n<p style=\"text-align: center;\">Nasza sie\u0107 biur Middleby Worldwide i agent\u00f3w Thurne zapewnia wsparcie sprzeda\u017cy i serwisu na ca\u0142ym \u015bwiecie.<\/p>\n<p>[\/mvc_infobox][\/vc_column][\/vc_row][vc_row][vc_column][vc_column_text]\n<!-- This website uses the Simple Posts Ticker plugin v1.1.6 - https:\/\/wordpress.org\/plugins\/simple-posts-ticker\/ -->\n<div class=\"spt-container spt-border\" style=\"border: solid 3px #012169;border-radius: 25;width: 100%;\"><div class=\"spt-label\" style=\"float: left;margin: 0;padding: 10px;color: #012169;background-color: #ffffff;font-size: 100%;border-radius: 25;\">WYDARZENIA I WEBINARIA<\/div><div class=\"spt-marquee\" data-direction=\"left\" data-duplicated=\"true\" data-duration=\"30000\" data-gap=\"0\" data-speed=\"\" data-pauseOnHover=\"true\" data-delayBeforeStart=\"100\" data-startVisible=\"true\" data-loop=\"1\" style=\"width:auto;margin: 0;padding: 10px;font-size: 100%;background-color: #012169;overflow: hidden;\"><span class=\"spt-item\" style=\"padding: 0 10px;\">Take a Break with Middleby!<span class=\"spt-separator\"> - <\/span><span class=\"spt-postinfo\" style=\"color: #ffffff;\">Take a Break with Middleby! Dowiedz si\u0119 o naszych webinariach na middprocessing.com<\/span><\/span><\/div><\/div>[\/vc_column_text][\/vc_column][\/vc_row]<\/p>\n<\/div>","protected":false},"excerpt":{"rendered":"<p>[vc_row][vc_column css=&#8221;.vc_custom_1667832428622{margin-top: -25px !important;}&#8221;][vc_empty_space height=&#8221;20px&#8221;][\/vc_column][\/vc_row][vc_row full_height=&#8221;yes&#8221; columns_placement=&#8221;top&#8221; equal_height=&#8221;yes&#8221; content_placement=&#8221;top&#8221; css=&#8221;.vc_custom_1667832955162{margin-top: 0px !important;margin-right: 10px !important;margin-left: 10px !important;}&#8221;][vc_column width=&#8221;1\/4&#8243; css=&#8221;.vc_custom_1667832911638{margin-top: 0px !important;}&#8221;][mvc_infobox info_opt=&#8221;show_icon&#8221; icon_size=&#8221;50&#8243; icon_height=&#8221;60&#8243; link=&#8221;link_box&#8221; title_color=&#8221;#012169&#8243; font_icon=&#8221;fas fa-tachometer-alt&#8221; icon_color=&#8221;#012169&#8243; icon_bg=&#8221;#ffffff&#8221; info_title=&#8221;ZWI\u0118KSZENIE WYDAJNO\u015aCI&#8221; title_size=&#8221;18&#8243; caption_url=&#8221;&#8221; btn_url=&#8221;url:https%3A%2F%2Fwww.thurne.com%2Fpl%2Fo-nas%2F|title:About%20us&#8221;] Thurne przesuwa granice technologii krojenia od 1967 roku, stale unowocze\u015bniaj\u0105c systemy, kt\u00f3re maksymalizuj\u0105 wydajno\u015b\u0107 i przepustowo\u015b\u0107. [\/mvc_infobox][\/vc_column][vc_column width=&#8221;1\/4&#8243;][mvc_infobox info_opt=&#8221;show_icon&#8221; icon_size=&#8221;50&#8243; icon_height=&#8221;60&#8243;&hellip;<\/p>\n","protected":false},"author":1,"featured_media":0,"parent":0,"menu_order":0,"comment_status":"closed","ping_status":"closed","template":"","meta":{"_acf_changed":false,"footnotes":""},"class_list":["post-10203","page","type-page","status-publish","hentry"],"acf":[],"yoast_head":"<!-- This site is optimized with the Yoast SEO plugin v27.5 - https:\/\/yoast.com\/product\/yoast-seo-wordpress\/ -->\n<title>Krajalnice przemys\u0142owe i systemy do krojenia Thurne<\/title>\n<meta name=\"description\" content=\"Thurne oferuje wysokiej jako\u015bci krajalnice przemys\u0142owe i systemy do krojenia bekonu i mi\u0119sa.\" \/>\n<meta name=\"robots\" content=\"index, follow, max-snippet:-1, max-image-preview:large, max-video-preview:-1\" \/>\n<link rel=\"canonical\" href=\"https:\/\/www.thurne.com\/pl\/\" \/>\n<meta property=\"og:locale\" content=\"pl_PL\" \/>\n<meta property=\"og:type\" content=\"article\" \/>\n<meta property=\"og:title\" content=\"Krajalnice przemys\u0142owe i systemy do krojenia Thurne\" \/>\n<meta property=\"og:description\" content=\"Thurne oferuje wysokiej jako\u015bci krajalnice przemys\u0142owe i systemy do krojenia bekonu i mi\u0119sa.\" \/>\n<meta property=\"og:url\" content=\"https:\/\/www.thurne.com\/pl\/\" \/>\n<meta property=\"og:site_name\" content=\"Thurne Slicers\" \/>\n<meta property=\"article:publisher\" content=\"https:\/\/www.facebook.com\/thurnemiddleby\/\" \/>\n<meta property=\"article:modified_time\" content=\"2022-11-07T15:26:30+00:00\" \/>\n<meta property=\"og:image\" content=\"https:\/\/www.thurne.com\/wp-content\/uploads\/2020\/11\/FINAL-THURNE-LOGO-FEB-2015-CMYK.png\" \/>\n\t<meta property=\"og:image:width\" content=\"1067\" \/>\n\t<meta property=\"og:image:height\" content=\"374\" \/>\n\t<meta property=\"og:image:type\" content=\"image\/png\" \/>\n<meta name=\"twitter:card\" content=\"summary_large_image\" \/>\n<meta name=\"twitter:site\" content=\"@ThurneSlicers\" \/>\n<!-- \/ Yoast SEO plugin. -->","yoast_head_json":{"title":"Krajalnice przemys\u0142owe i systemy do krojenia Thurne","description":"Thurne oferuje wysokiej jako\u015bci krajalnice przemys\u0142owe i systemy do krojenia bekonu i mi\u0119sa.","robots":{"index":"index","follow":"follow","max-snippet":"max-snippet:-1","max-image-preview":"max-image-preview:large","max-video-preview":"max-video-preview:-1"},"canonical":"https:\/\/www.thurne.com\/pl\/","og_locale":"pl_PL","og_type":"article","og_title":"Krajalnice przemys\u0142owe i systemy do krojenia Thurne","og_description":"Thurne oferuje wysokiej jako\u015bci krajalnice przemys\u0142owe i systemy do krojenia bekonu i mi\u0119sa.","og_url":"https:\/\/www.thurne.com\/pl\/","og_site_name":"Thurne Slicers","article_publisher":"https:\/\/www.facebook.com\/thurnemiddleby\/","article_modified_time":"2022-11-07T15:26:30+00:00","og_image":[{"width":1067,"height":374,"url":"https:\/\/www.thurne.com\/wp-content\/uploads\/2020\/11\/FINAL-THURNE-LOGO-FEB-2015-CMYK.png","type":"image\/png"}],"twitter_card":"summary_large_image","twitter_site":"@ThurneSlicers","schema":{"@context":"https:\/\/schema.org","@graph":[{"@type":"WebPage","@id":"https:\/\/www.thurne.com\/pl\/","url":"https:\/\/www.thurne.com\/pl\/","name":"Krajalnice przemys\u0142owe i systemy do krojenia Thurne","isPartOf":{"@id":"https:\/\/www.thurne.com\/pl\/#website"},"datePublished":"2020-11-30T11:04:16+00:00","dateModified":"2022-11-07T15:26:30+00:00","description":"Thurne oferuje wysokiej jako\u015bci krajalnice przemys\u0142owe i systemy do krojenia bekonu i mi\u0119sa.","breadcrumb":{"@id":"https:\/\/www.thurne.com\/pl\/#breadcrumb"},"inLanguage":"pl-PL","potentialAction":[{"@type":"ReadAction","target":["https:\/\/www.thurne.com\/pl\/"]}]},{"@type":"BreadcrumbList","@id":"https:\/\/www.thurne.com\/pl\/#breadcrumb","itemListElement":[{"@type":"ListItem","position":1,"name":"Home","item":"https:\/\/www.thurne.com\/pl\/"},{"@type":"ListItem","position":2,"name":"Wysokowydajne systemy do krojenia"}]},{"@type":"WebSite","@id":"https:\/\/www.thurne.com\/pl\/#website","url":"https:\/\/www.thurne.com\/pl\/","name":"Thurne Slicers","description":"Thurne High Performance Slicing Systems","publisher":{"@id":"https:\/\/www.thurne.com\/pl\/#organization"},"potentialAction":[{"@type":"SearchAction","target":{"@type":"EntryPoint","urlTemplate":"https:\/\/www.thurne.com\/pl\/?s={search_term_string}"},"query-input":{"@type":"PropertyValueSpecification","valueRequired":true,"valueName":"search_term_string"}}],"inLanguage":"pl-PL"},{"@type":"Organization","@id":"https:\/\/www.thurne.com\/pl\/#organization","name":"Thurne High Performance Slicing Systems","url":"https:\/\/www.thurne.com\/pl\/","logo":{"@type":"ImageObject","inLanguage":"pl-PL","@id":"https:\/\/www.thurne.com\/pl\/#\/schema\/logo\/image\/","url":"https:\/\/www.thurne.com\/wp-content\/uploads\/2020\/11\/FINAL-THURNE-LOGO-FEB-2015-CMYK.png","contentUrl":"https:\/\/www.thurne.com\/wp-content\/uploads\/2020\/11\/FINAL-THURNE-LOGO-FEB-2015-CMYK.png","width":1067,"height":374,"caption":"Thurne High Performance Slicing Systems"},"image":{"@id":"https:\/\/www.thurne.com\/pl\/#\/schema\/logo\/image\/"},"sameAs":["https:\/\/www.facebook.com\/thurnemiddleby\/","https:\/\/x.com\/ThurneSlicers","https:\/\/www.linkedin.com\/company\/thurne-middleby-ltd","https:\/\/www.youtube.com\/channel\/UCvejSwv30BAuKKHGSdtUAEw"]}]}},"publishpress_future_action":{"enabled":false,"date":"2026-05-16 13:24:53","action":"change-status","newStatus":"draft","terms":[],"taxonomy":"translation_priority","extraData":[]},"publishpress_future_workflow_manual_trigger":{"enabledWorkflows":[]},"_links":{"self":[{"href":"https:\/\/www.thurne.com\/pl\/wp-json\/wp\/v2\/pages\/10203","targetHints":{"allow":["GET"]}}],"collection":[{"href":"https:\/\/www.thurne.com\/pl\/wp-json\/wp\/v2\/pages"}],"about":[{"href":"https:\/\/www.thurne.com\/pl\/wp-json\/wp\/v2\/types\/page"}],"author":[{"embeddable":true,"href":"https:\/\/www.thurne.com\/pl\/wp-json\/wp\/v2\/users\/1"}],"replies":[{"embeddable":true,"href":"https:\/\/www.thurne.com\/pl\/wp-json\/wp\/v2\/comments?post=10203"}],"version-history":[{"count":5,"href":"https:\/\/www.thurne.com\/pl\/wp-json\/wp\/v2\/pages\/10203\/revisions"}],"predecessor-version":[{"id":12086,"href":"https:\/\/www.thurne.com\/pl\/wp-json\/wp\/v2\/pages\/10203\/revisions\/12086"}],"wp:attachment":[{"href":"https:\/\/www.thurne.com\/pl\/wp-json\/wp\/v2\/media?parent=10203"}],"curies":[{"name":"wp","href":"https:\/\/api.w.org\/{rel}","templated":true}]}}