{"id":4555,"date":"2020-12-03T12:06:26","date_gmt":"2020-12-03T12:06:26","guid":{"rendered":"https:\/\/www.thurne.com\/?page_id=4555"},"modified":"2021-04-06T15:00:11","modified_gmt":"2021-04-06T15:00:11","slug":"servicio","status":"publish","type":"page","link":"https:\/\/www.thurne.com\/es\/servicio\/","title":{"rendered":"Servicio"},"content":{"rendered":"<div class=\"wpb-content-wrapper\"><p>[vc_row css=\u00bb.vc_custom_1607951244013{margin-top: 0px !important;}\u00bb][vc_column][vc_single_image image=\u00bb4497&#8243; img_size=\u00bb1200&#215;300&#8243; alignment=\u00bbcenter\u00bb css=\u00bb.vc_custom_1609766964463{margin-top: 0px !important;margin-bottom: 0px !important;}\u00bb][\/vc_column][\/vc_row][vc_row][vc_column][vc_column_text css=\u00bb.vc_custom_1610706561221{margin-top: 10px !important;}\u00bb]<\/p>\n<h1><strong>Servicio<\/strong><\/h1>\n<p>[\/vc_column_text][\/vc_column][\/vc_row][vc_row equal_height=\u00bbyes\u00bb content_placement=\u00bbmiddle\u00bb css=\u00bb.vc_custom_1607354067792{margin-right: -5px !important;margin-left: -5px !important;}\u00bb][vc_column][vc_row_inner css=\u00bb.vc_custom_1607354088508{margin-right: -5px !important;margin-left: -5px !important;background-color: #efefef !important;}\u00bb][vc_column_inner width=\u00bb1\/2&#8243;][vc_column_text css=\u00bb.vc_custom_1611235381952{margin-top: 0px !important;margin-right: 0px !important;margin-left: 10px !important;padding-top: 0px !important;padding-right: 0px !important;padding-bottom: 10px !important;padding-left: 0px !important;}\u00bb]<\/p>\n<h3 style=\"text-align: center;\"><strong>EE.UU.<\/strong><\/h3>\n<h4 style=\"text-align: center;\"><strong>+1 800-582-1574 (24\/7)<\/strong><\/h4>\n<h3 style=\"text-align: center;\"><strong>[email name=\u00bbcfe-techhelp-us\u00bb]<br \/>\n<\/strong><strong>[email name=\u00bbcfe-spares-us\u00bb]<\/strong><\/h3>\n<p>[\/vc_column_text][\/vc_column_inner][vc_column_inner width=\u00bb1\/2&#8243;][vc_column_text css=\u00bb.vc_custom_1611235283241{margin-top: 0px !important;margin-right: 10px !important;margin-left: 0px !important;padding-top: 0px !important;padding-right: 0px !important;padding-bottom: 5px !important;padding-left: 0px !important;background-color: #efefef !important;}\u00bb]<\/p>\n<h3 style=\"text-align: center;\"><strong>Global<\/strong><\/h3>\n<h4 style=\"text-align: center;\"><strong>+44 (0)1603 708400<\/strong><\/h4>\n<h3 style=\"text-align: center;\"><strong>[email name=\u00bbcfe-service\u00bb]<\/strong><br \/>\n<strong>[email name=\u00bbcfe-spares\u00bb]<\/strong><\/h3>\n<p>[\/vc_column_text][\/vc_column_inner][\/vc_row_inner][vc_empty_space][\/vc_column][\/vc_row][vc_row equal_height=\u00bbyes\u00bb content_placement=\u00bbmiddle\u00bb css=\u00bb.vc_custom_1607354067792{margin-right: -5px !important;margin-left: -5px !important;}\u00bb][vc_column width=\u00bb2\/3&#8243;][mvc_infobox info_style=\u00bbmega_info_box_2&#8243; info_opt=\u00bbshow_icon\u00bb icon_size=\u00bb50&#8243; icon_height=\u00bb60&#8243; title_color=\u00bb#012169&#8243; icon_color=\u00bb#012169&#8243; title_size=\u00bb18&#8243; info_title=\u00bbAYUDA T\u00c9CNICA\u00bb font_icon=\u00bbfas fa-phone-volume\u00bb caption_url=\u00bb\u00bb]Nuestro servicio de asistencia t\u00e9cnica est\u00e1 disponible para brindar asistencia telef\u00f3nica los siete d\u00edas de la semana.<\/p>\n<p>La mayor\u00eda de los problemas de maquinaria se resuelven r\u00e1pidamente por tel\u00e9fono. Thurne rebanadoras est\u00e1n equipados con m\u00f3dulos de acceso remoto, que permiten el servicio de asistencia t\u00e9cnica de identificar, analizar y diagnosticar problemas de forma casi instant\u00e1neamente.[\/mvc_infobox][\/vc_column][vc_column width=\u00bb1\/3&#8243;][\/vc_column][\/vc_row][vc_row equal_height=\u00bbyes\u00bb content_placement=\u00bbmiddle\u00bb css=\u00bb.vc_custom_1607354067792{margin-right: -5px !important;margin-left: -5px !important;}\u00bb][vc_column width=\u00bb2\/3&#8243;][mvc_infobox info_style=\u00bbmega_info_box_2&#8243; info_opt=\u00bbshow_icon\u00bb icon_size=\u00bb50&#8243; icon_height=\u00bb60&#8243; title_color=\u00bb#012169&#8243; icon_color=\u00bb#012169&#8243; title_size=\u00bb18&#8243; info_title=\u00bbPIEZAS DE REPUESTO\u00bb font_icon=\u00bbfas fa-toolbox\u00bb]Disponemos de una amplia gama de piezas de repuesto y cuchillas comunes en nuestros almacenes en Norwich, Reino Unido, y Chicago, EE.UU.. Esto nos permite brindar un servicio r\u00e1pido y confiable.<\/p>\n<p>Nuestro stock est\u00e1 respaldado por la fabricaci\u00f3n interna (Norwich, Reino Unido), que proporciona una r\u00e1pida respuesta.[\/mvc_infobox][\/vc_column][vc_column width=\u00bb1\/3&#8243;][vc_single_image image=\u00bb4560&#8243; img_size=\u00bbfull\u00bb][\/vc_column][\/vc_row][vc_row equal_height=\u00bbyes\u00bb content_placement=\u00bbmiddle\u00bb css=\u00bb.vc_custom_1607354067792{margin-right: -5px !important;margin-left: -5px !important;}\u00bb][vc_column width=\u00bb2\/3&#8243;][mvc_infobox info_style=\u00bbmega_info_box_2&#8243; info_opt=\u00bbshow_icon\u00bb icon_size=\u00bb50&#8243; icon_height=\u00bb60&#8243; title_color=\u00bb#012169&#8243; icon_color=\u00bb#012169&#8243; title_size=\u00bb18&#8243; info_title=\u00bbCONTRATOS DE SERVICIO\u00bb font_icon=\u00bbfas fa-handshake\u00bb]Todo el equipo Thurne est\u00e1 dise\u00f1ado para funcionar de manera eficiente en los entornos de producci\u00f3n m\u00e1s dif\u00edciles. Para mantener su equipo funcionando de forma \u00f3ptima, se recomienda establecer una rutina de mantenimiento regular.<\/p>\n<p>Ofrecemos acuerdos de mantenimiento planificado que le permiten administrar los costos del servicio, al tiempo que extienden la vida \u00fatil de su rebanadora y optimizan el rendimiento.<\/p>\n<ul>\n<li>M\u00e1s control de costos sobre los gastos de servicio con cargos laborales inclusivos.<\/li>\n<li>Rendimiento \u00f3ptimo de la m\u00e1quina en todo momento<\/li>\n<li>M\u00e1xima Disponibilidad<\/li>\n<li>Mayor vida \u00fatil del equipo<\/li>\n<\/ul>\n<p>[\/mvc_infobox][\/vc_column][vc_column width=\u00bb1\/3&#8243;][vc_single_image image=\u00bb4558&#8243; img_size=\u00bbfull\u00bb][\/vc_column][\/vc_row][vc_row equal_height=\u00bbyes\u00bb content_placement=\u00bbmiddle\u00bb css=\u00bb.vc_custom_1607354067792{margin-right: -5px !important;margin-left: -5px !important;}\u00bb][vc_column width=\u00bb2\/3&#8243;][mvc_infobox info_style=\u00bbmega_info_box_2&#8243; info_opt=\u00bbshow_icon\u00bb icon_size=\u00bb50&#8243; icon_height=\u00bb60&#8243; title_color=\u00bb#012169&#8243; icon_color=\u00bb#012169&#8243; title_size=\u00bb18&#8243; info_title=\u00bbFORMACI\u00d3N\u00bb font_icon=\u00bbfas fa-graduation-cap\u00bb]Proporcionamos formaci\u00f3n de operadores y mantenimiento para los nuevos empleados en nuestras instalaciones en Norwich, Reino Unido, y en la Middleby Protein Innovation Center en Chicago, EE.UU., o, si es m\u00e1s conveniente, en sus propias instalaciones.<\/p>\n<p>Instructores calificados de Thurne con amplia experiencia en rebanado imparten cursos informativos y pr\u00e1cticos[\/mvc_infobox][\/vc_column][vc_column width=\u00bb1\/3&#8243;][vc_single_image image=\u00bb4490&#8243; img_size=\u00bbfull\u00bb alignment=\u00bbright\u00bb onclick=\u00bbcustom_link\u00bb link=\u00bb..\/<a href=\"https:\/\/www.thurne.com\/es\/empresa\/protein-innovation-center\/\">about-thurne\/protein-innovation-center<\/a>\u00ab][\/vc_column][\/vc_row]<\/p>\n<\/div>","protected":false},"excerpt":{"rendered":"<p>[vc_row css=\u00bb.vc_custom_1607951244013{margin-top: 0px !important;}\u00bb][vc_column][vc_single_image image=\u00bb4497&#8243; img_size=\u00bb1200&#215;300&#8243; alignment=\u00bbcenter\u00bb css=\u00bb.vc_custom_1609766964463{margin-top: 0px !important;margin-bottom: 0px !important;}\u00bb][\/vc_column][\/vc_row][vc_row][vc_column][vc_column_text css=\u00bb.vc_custom_1610706561221{margin-top: 10px !important;}\u00bb] Servicio [\/vc_column_text][\/vc_column][\/vc_row][vc_row equal_height=\u00bbyes\u00bb content_placement=\u00bbmiddle\u00bb css=\u00bb.vc_custom_1607354067792{margin-right: -5px !important;margin-left: -5px !important;}\u00bb][vc_column][vc_row_inner css=\u00bb.vc_custom_1607354088508{margin-right: -5px !important;margin-left: -5px !important;background-color: #efefef !important;}\u00bb][vc_column_inner width=\u00bb1\/2&#8243;][vc_column_text css=\u00bb.vc_custom_1611235381952{margin-top: 0px !important;margin-right: 0px !important;margin-left: 10px !important;padding-top: 0px !important;padding-right: 0px !important;padding-bottom: 10px !important;padding-left: 0px !important;}\u00bb] EE.UU. +1 800-582-1574 (24\/7) [email name=\u00bbcfe-techhelp-us\u00bb] [email name=\u00bbcfe-spares-us\u00bb]&hellip;<\/p>\n","protected":false},"author":1,"featured_media":0,"parent":0,"menu_order":0,"comment_status":"closed","ping_status":"closed","template":"","meta":{"_acf_changed":false,"footnotes":""},"class_list":["post-4555","page","type-page","status-publish","hentry"],"acf":[],"yoast_head":"<!-- This site is optimized with the Yoast SEO plugin v27.4 - https:\/\/yoast.com\/product\/yoast-seo-wordpress\/ -->\n<title>Servicio - Thurne Slicers<\/title>\n<meta name=\"description\" content=\"Cont\u00e1ctenos para soporte, repuestos, planes de servicio y formaci\u00f3n, a cargo de nuestros expertos en Norwich, Reino Unido, o Chicago, IL, EE. UU.\" \/>\n<meta name=\"robots\" content=\"index, follow, max-snippet:-1, max-image-preview:large, max-video-preview:-1\" \/>\n<link rel=\"canonical\" href=\"https:\/\/www.thurne.com\/es\/servicio\/\" \/>\n<meta property=\"og:locale\" content=\"es_ES\" \/>\n<meta property=\"og:type\" content=\"article\" \/>\n<meta property=\"og:title\" content=\"Servicio - Thurne Slicers\" \/>\n<meta property=\"og:description\" content=\"Cont\u00e1ctenos para soporte, repuestos, planes de servicio y formaci\u00f3n, a cargo de nuestros expertos en Norwich, Reino Unido, o Chicago, IL, EE. UU.\" \/>\n<meta property=\"og:url\" content=\"https:\/\/www.thurne.com\/es\/servicio\/\" \/>\n<meta property=\"og:site_name\" content=\"Thurne Slicers\" \/>\n<meta property=\"article:publisher\" content=\"https:\/\/www.facebook.com\/thurnemiddleby\/\" \/>\n<meta property=\"article:modified_time\" content=\"2021-04-06T15:00:11+00:00\" \/>\n<meta property=\"og:image\" content=\"https:\/\/www.thurne.com\/wp-content\/uploads\/2020\/11\/FINAL-THURNE-LOGO-FEB-2015-CMYK.png\" \/>\n\t<meta property=\"og:image:width\" content=\"1067\" \/>\n\t<meta property=\"og:image:height\" content=\"374\" \/>\n\t<meta property=\"og:image:type\" content=\"image\/png\" \/>\n<meta name=\"twitter:card\" content=\"summary_large_image\" \/>\n<meta name=\"twitter:site\" content=\"@ThurneSlicers\" \/>\n<!-- \/ Yoast SEO plugin. -->","yoast_head_json":{"title":"Servicio - Thurne Slicers","description":"Cont\u00e1ctenos para soporte, repuestos, planes de servicio y formaci\u00f3n, a cargo de nuestros expertos en Norwich, Reino Unido, o Chicago, IL, EE. UU.","robots":{"index":"index","follow":"follow","max-snippet":"max-snippet:-1","max-image-preview":"max-image-preview:large","max-video-preview":"max-video-preview:-1"},"canonical":"https:\/\/www.thurne.com\/es\/servicio\/","og_locale":"es_ES","og_type":"article","og_title":"Servicio - Thurne Slicers","og_description":"Cont\u00e1ctenos para soporte, repuestos, planes de servicio y formaci\u00f3n, a cargo de nuestros expertos en Norwich, Reino Unido, o Chicago, IL, EE. UU.","og_url":"https:\/\/www.thurne.com\/es\/servicio\/","og_site_name":"Thurne Slicers","article_publisher":"https:\/\/www.facebook.com\/thurnemiddleby\/","article_modified_time":"2021-04-06T15:00:11+00:00","og_image":[{"width":1067,"height":374,"url":"https:\/\/www.thurne.com\/wp-content\/uploads\/2020\/11\/FINAL-THURNE-LOGO-FEB-2015-CMYK.png","type":"image\/png"}],"twitter_card":"summary_large_image","twitter_site":"@ThurneSlicers","schema":{"@context":"https:\/\/schema.org","@graph":[{"@type":"WebPage","@id":"https:\/\/www.thurne.com\/es\/servicio\/","url":"https:\/\/www.thurne.com\/es\/servicio\/","name":"Servicio - Thurne Slicers","isPartOf":{"@id":"https:\/\/www.thurne.com\/es\/#website"},"datePublished":"2020-12-03T12:06:26+00:00","dateModified":"2021-04-06T15:00:11+00:00","description":"Cont\u00e1ctenos para soporte, repuestos, planes de servicio y formaci\u00f3n, a cargo de nuestros expertos en Norwich, Reino Unido, o Chicago, IL, EE. UU.","breadcrumb":{"@id":"https:\/\/www.thurne.com\/es\/servicio\/#breadcrumb"},"inLanguage":"es","potentialAction":[{"@type":"ReadAction","target":["https:\/\/www.thurne.com\/es\/servicio\/"]}]},{"@type":"BreadcrumbList","@id":"https:\/\/www.thurne.com\/es\/servicio\/#breadcrumb","itemListElement":[{"@type":"ListItem","position":1,"name":"Home","item":"https:\/\/www.thurne.com\/es\/"},{"@type":"ListItem","position":2,"name":"Servicio"}]},{"@type":"WebSite","@id":"https:\/\/www.thurne.com\/es\/#website","url":"https:\/\/www.thurne.com\/es\/","name":"Thurne Slicers","description":"Thurne High Performance Slicing Systems","publisher":{"@id":"https:\/\/www.thurne.com\/es\/#organization"},"potentialAction":[{"@type":"SearchAction","target":{"@type":"EntryPoint","urlTemplate":"https:\/\/www.thurne.com\/es\/?s={search_term_string}"},"query-input":{"@type":"PropertyValueSpecification","valueRequired":true,"valueName":"search_term_string"}}],"inLanguage":"es"},{"@type":"Organization","@id":"https:\/\/www.thurne.com\/es\/#organization","name":"Thurne High Performance Slicing Systems","url":"https:\/\/www.thurne.com\/es\/","logo":{"@type":"ImageObject","inLanguage":"es","@id":"https:\/\/www.thurne.com\/es\/#\/schema\/logo\/image\/","url":"https:\/\/www.thurne.com\/wp-content\/uploads\/2020\/11\/FINAL-THURNE-LOGO-FEB-2015-CMYK.png","contentUrl":"https:\/\/www.thurne.com\/wp-content\/uploads\/2020\/11\/FINAL-THURNE-LOGO-FEB-2015-CMYK.png","width":1067,"height":374,"caption":"Thurne High Performance Slicing Systems"},"image":{"@id":"https:\/\/www.thurne.com\/es\/#\/schema\/logo\/image\/"},"sameAs":["https:\/\/www.facebook.com\/thurnemiddleby\/","https:\/\/x.com\/ThurneSlicers","https:\/\/www.linkedin.com\/company\/thurne-middleby-ltd","https:\/\/www.youtube.com\/channel\/UCvejSwv30BAuKKHGSdtUAEw"]}]}},"publishpress_future_action":{"enabled":false,"date":"2026-04-24 03:13:08","action":"change-status","newStatus":"draft","terms":[],"taxonomy":"translation_priority","extraData":[]},"publishpress_future_workflow_manual_trigger":{"enabledWorkflows":[]},"_links":{"self":[{"href":"https:\/\/www.thurne.com\/es\/wp-json\/wp\/v2\/pages\/4555","targetHints":{"allow":["GET"]}}],"collection":[{"href":"https:\/\/www.thurne.com\/es\/wp-json\/wp\/v2\/pages"}],"about":[{"href":"https:\/\/www.thurne.com\/es\/wp-json\/wp\/v2\/types\/page"}],"author":[{"embeddable":true,"href":"https:\/\/www.thurne.com\/es\/wp-json\/wp\/v2\/users\/1"}],"replies":[{"embeddable":true,"href":"https:\/\/www.thurne.com\/es\/wp-json\/wp\/v2\/comments?post=4555"}],"version-history":[{"count":5,"href":"https:\/\/www.thurne.com\/es\/wp-json\/wp\/v2\/pages\/4555\/revisions"}],"predecessor-version":[{"id":7312,"href":"https:\/\/www.thurne.com\/es\/wp-json\/wp\/v2\/pages\/4555\/revisions\/7312"}],"wp:attachment":[{"href":"https:\/\/www.thurne.com\/es\/wp-json\/wp\/v2\/media?parent=4555"}],"curies":[{"name":"wp","href":"https:\/\/api.w.org\/{rel}","templated":true}]}}