{"id":5664,"date":"2022-04-17T16:19:33","date_gmt":"2022-04-17T16:19:33","guid":{"rendered":"https:\/\/www.thurne.com\/?page_id=5664"},"modified":"2022-11-08T11:53:44","modified_gmt":"2022-11-08T11:53:44","slug":"fleisch","status":"publish","type":"page","link":"https:\/\/www.thurne.com\/de\/fleisch\/","title":{"rendered":"Portionsschneiden von Fleisch, fertig zum Verpacken"},"content":{"rendered":"<div class=\"wpb-content-wrapper\"><p>[vc_row equal_height=&#8220;yes&#8220; content_placement=&#8220;middle&#8220; css=&#8220;.vc_custom_1610713930838{margin-top: 0px !important;}&#8220;][vc_column width=&#8220;1\/2&#8243; css=&#8220;.vc_custom_1611562840654{margin-top: 20px !important;}&#8220;][vc_row_inner][vc_column_inner offset=&#8220;vc_hidden-lg vc_hidden-md vc_hidden-sm&#8220;][vc_single_image image=&#8220;9861&#8243; img_size=&#8220;full&#8220; alignment=&#8220;center&#8220;][\/vc_column_inner][\/vc_row_inner][vc_row_inner][vc_column_inner][vc_column_text]<\/p>\n<h1><strong>Portionsschneiden von Fleisch, fertig zum Verpacken<\/strong><\/h1>\n<p>[\/vc_column_text][\/vc_column_inner][\/vc_row_inner][vc_row_inner][vc_column_inner offset=&#8220;vc_hidden-lg vc_hidden-md vc_hidden-sm&#8220;][vc_column_text]Thurne bietet einen innovativen Ansatz f\u00fcr die Portionierung von Fleisch f\u00fcr packfertige Rind- und Schweinesteaks, von einzelnen Steaks \u00fcber Doppelpackungen zu geschindelten Gruppen.<\/p>\n<p>Thurne und <a href=\"https:\/\/www.middprocessing.com\/\">Middleby Food Processing<\/a> betrachten den gesamten Prozess und f\u00fchren innovative Maschinen und Systeme ein, um Fleischverarbeitern dabei zu helfen, an der Spitze zu bleiben.[\/vc_column_text][\/vc_column_inner][\/vc_row_inner][vc_row_inner][vc_column_inner offset=&#8220;vc_hidden-xs&#8220;][vc_column_text]<\/p>\n<h3>Thurne bietet einen innovativen Ansatz f\u00fcr die Fleischportionierung f\u00fcr packfertige Rind- und Schweinefleischanwendungen, von einzelnen Steaks \u00fcber Doppelpackungen zu geschindelten Gruppen.<\/h3>\n<p>[\/vc_column_text][vc_empty_space][\/vc_column_inner][\/vc_row_inner][\/vc_column][vc_column width=&#8220;1\/2&#8243; offset=&#8220;vc_hidden-xs&#8220; css=&#8220;.vc_custom_1611563078102{margin-top: 0px !important;}&#8220;][vc_single_image image=&#8220;9861&#8243; img_size=&#8220;full&#8220; alignment=&#8220;center&#8220; css=&#8220;.vc_custom_1649411812456{padding-top: 20px !important;}&#8220;][\/vc_column][\/vc_row][vc_row][vc_column][vc_separator css=&#8220;.vc_custom_1607511598410{margin-top: -36px !important;}&#8220;][vc_row_inner][vc_column_inner][vc_masonry_grid post_type=&#8220;portfolio&#8220; max_items=&#8220;10&#8243; show_filter=&#8220;yes&#8220; gap=&#8220;20&#8243; orderby=&#8220;menu_order&#8220; filter_align=&#8220;left&#8220; item=&#8220;6342&#8243; initial_loading_animation=&#8220;none&#8220; grid_id=&#8220;vc_gid:1667908111724-21c7bd6a-9f37-8&#8243; taxonomies=&#8220;4&#8243; css=&#8220;.vc_custom_1667908125899{margin-top: -20px !important;}&#8220; filter_source=&#8220;portfolio_category&#8220; exclude_filter=&#8220;4&#8243;][\/vc_column_inner][\/vc_row_inner][\/vc_column][\/vc_row]<\/p>\n<\/div>","protected":false},"excerpt":{"rendered":"<p>[vc_row equal_height=&#8220;yes&#8220; content_placement=&#8220;middle&#8220; css=&#8220;.vc_custom_1610713930838{margin-top: 0px !important;}&#8220;][vc_column width=&#8220;1\/2&#8243; css=&#8220;.vc_custom_1611562840654{margin-top: 20px !important;}&#8220;][vc_row_inner][vc_column_inner offset=&#8220;vc_hidden-lg vc_hidden-md vc_hidden-sm&#8220;][vc_single_image image=&#8220;9861&#8243; img_size=&#8220;full&#8220; alignment=&#8220;center&#8220;][\/vc_column_inner][\/vc_row_inner][vc_row_inner][vc_column_inner][vc_column_text] Portionsschneiden von Fleisch, fertig zum Verpacken [\/vc_column_text][\/vc_column_inner][\/vc_row_inner][vc_row_inner][vc_column_inner offset=&#8220;vc_hidden-lg vc_hidden-md vc_hidden-sm&#8220;][vc_column_text]Thurne bietet einen innovativen Ansatz f\u00fcr die Portionierung von Fleisch f\u00fcr packfertige Rind- und Schweinesteaks, von einzelnen Steaks \u00fcber Doppelpackungen zu geschindelten Gruppen. Thurne und Middleby Food Processing betrachten den&hellip;<\/p>\n","protected":false},"author":1,"featured_media":0,"parent":0,"menu_order":0,"comment_status":"closed","ping_status":"closed","template":"","meta":{"_acf_changed":false,"footnotes":""},"class_list":["post-5664","page","type-page","status-publish","hentry"],"acf":[],"yoast_head":"<!-- This site is optimized with the Yoast SEO plugin v27.4 - https:\/\/yoast.com\/product\/yoast-seo-wordpress\/ -->\n<title>Portionsschneiden f\u00fcr Schweine- und Rindfleisch<\/title>\n<meta name=\"description\" content=\"Portionierung von Schweine- und Rindfleisch, von einzelnen Steaks bis hin zu Gruppen, fertig f\u00fcr die Verpackung f\u00fcr den SB-Bereich.\" \/>\n<meta name=\"robots\" content=\"index, follow, max-snippet:-1, max-image-preview:large, max-video-preview:-1\" \/>\n<link rel=\"canonical\" href=\"https:\/\/www.thurne.com\/de\/fleisch\/\" \/>\n<meta property=\"og:locale\" content=\"de_DE\" \/>\n<meta property=\"og:type\" content=\"article\" \/>\n<meta property=\"og:title\" content=\"Portionsschneiden f\u00fcr Schweine- und Rindfleisch\" \/>\n<meta property=\"og:description\" content=\"Portionierung von Schweine- und Rindfleisch, von einzelnen Steaks bis hin zu Gruppen, fertig f\u00fcr die Verpackung f\u00fcr den SB-Bereich.\" \/>\n<meta property=\"og:url\" content=\"https:\/\/www.thurne.com\/de\/fleisch\/\" \/>\n<meta property=\"og:site_name\" content=\"Thurne Slicers\" \/>\n<meta property=\"article:publisher\" content=\"https:\/\/www.facebook.com\/thurnemiddleby\/\" \/>\n<meta property=\"article:modified_time\" content=\"2022-11-08T11:53:44+00:00\" \/>\n<meta property=\"og:image\" content=\"https:\/\/www.thurne.com\/wp-content\/uploads\/2020\/11\/FINAL-THURNE-LOGO-FEB-2015-CMYK.png\" \/>\n\t<meta property=\"og:image:width\" content=\"1067\" \/>\n\t<meta property=\"og:image:height\" content=\"374\" \/>\n\t<meta property=\"og:image:type\" content=\"image\/png\" \/>\n<meta name=\"twitter:card\" content=\"summary_large_image\" \/>\n<meta name=\"twitter:site\" content=\"@ThurneSlicers\" \/>\n<!-- \/ Yoast SEO plugin. -->","yoast_head_json":{"title":"Portionsschneiden f\u00fcr Schweine- und Rindfleisch","description":"Portionierung von Schweine- und Rindfleisch, von einzelnen Steaks bis hin zu Gruppen, fertig f\u00fcr die Verpackung f\u00fcr den SB-Bereich.","robots":{"index":"index","follow":"follow","max-snippet":"max-snippet:-1","max-image-preview":"max-image-preview:large","max-video-preview":"max-video-preview:-1"},"canonical":"https:\/\/www.thurne.com\/de\/fleisch\/","og_locale":"de_DE","og_type":"article","og_title":"Portionsschneiden f\u00fcr Schweine- und Rindfleisch","og_description":"Portionierung von Schweine- und Rindfleisch, von einzelnen Steaks bis hin zu Gruppen, fertig f\u00fcr die Verpackung f\u00fcr den SB-Bereich.","og_url":"https:\/\/www.thurne.com\/de\/fleisch\/","og_site_name":"Thurne Slicers","article_publisher":"https:\/\/www.facebook.com\/thurnemiddleby\/","article_modified_time":"2022-11-08T11:53:44+00:00","og_image":[{"width":1067,"height":374,"url":"https:\/\/www.thurne.com\/wp-content\/uploads\/2020\/11\/FINAL-THURNE-LOGO-FEB-2015-CMYK.png","type":"image\/png"}],"twitter_card":"summary_large_image","twitter_site":"@ThurneSlicers","schema":{"@context":"https:\/\/schema.org","@graph":[{"@type":"WebPage","@id":"https:\/\/www.thurne.com\/de\/fleisch\/","url":"https:\/\/www.thurne.com\/de\/fleisch\/","name":"Portionsschneiden f\u00fcr Schweine- und Rindfleisch","isPartOf":{"@id":"https:\/\/www.thurne.com\/de\/#website"},"datePublished":"2022-04-17T16:19:33+00:00","dateModified":"2022-11-08T11:53:44+00:00","description":"Portionierung von Schweine- und Rindfleisch, von einzelnen Steaks bis hin zu Gruppen, fertig f\u00fcr die Verpackung f\u00fcr den SB-Bereich.","breadcrumb":{"@id":"https:\/\/www.thurne.com\/de\/fleisch\/#breadcrumb"},"inLanguage":"de","potentialAction":[{"@type":"ReadAction","target":["https:\/\/www.thurne.com\/de\/fleisch\/"]}]},{"@type":"BreadcrumbList","@id":"https:\/\/www.thurne.com\/de\/fleisch\/#breadcrumb","itemListElement":[{"@type":"ListItem","position":1,"name":"Home","item":"https:\/\/www.thurne.com\/de\/"},{"@type":"ListItem","position":2,"name":"Portionsschneiden von Fleisch, fertig zum Verpacken"}]},{"@type":"WebSite","@id":"https:\/\/www.thurne.com\/de\/#website","url":"https:\/\/www.thurne.com\/de\/","name":"Thurne Slicers","description":"Thurne High Performance Slicing Systems","publisher":{"@id":"https:\/\/www.thurne.com\/de\/#organization"},"potentialAction":[{"@type":"SearchAction","target":{"@type":"EntryPoint","urlTemplate":"https:\/\/www.thurne.com\/de\/?s={search_term_string}"},"query-input":{"@type":"PropertyValueSpecification","valueRequired":true,"valueName":"search_term_string"}}],"inLanguage":"de"},{"@type":"Organization","@id":"https:\/\/www.thurne.com\/de\/#organization","name":"Thurne High Performance Slicing Systems","url":"https:\/\/www.thurne.com\/de\/","logo":{"@type":"ImageObject","inLanguage":"de","@id":"https:\/\/www.thurne.com\/de\/#\/schema\/logo\/image\/","url":"https:\/\/www.thurne.com\/wp-content\/uploads\/2020\/11\/FINAL-THURNE-LOGO-FEB-2015-CMYK.png","contentUrl":"https:\/\/www.thurne.com\/wp-content\/uploads\/2020\/11\/FINAL-THURNE-LOGO-FEB-2015-CMYK.png","width":1067,"height":374,"caption":"Thurne High Performance Slicing Systems"},"image":{"@id":"https:\/\/www.thurne.com\/de\/#\/schema\/logo\/image\/"},"sameAs":["https:\/\/www.facebook.com\/thurnemiddleby\/","https:\/\/x.com\/ThurneSlicers","https:\/\/www.linkedin.com\/company\/thurne-middleby-ltd","https:\/\/www.youtube.com\/channel\/UCvejSwv30BAuKKHGSdtUAEw"]}]}},"publishpress_future_action":{"enabled":false,"date":"2026-04-22 19:51:04","action":"change-status","newStatus":"draft","terms":[],"taxonomy":"translation_priority","extraData":[]},"publishpress_future_workflow_manual_trigger":{"enabledWorkflows":[]},"_links":{"self":[{"href":"https:\/\/www.thurne.com\/de\/wp-json\/wp\/v2\/pages\/5664","targetHints":{"allow":["GET"]}}],"collection":[{"href":"https:\/\/www.thurne.com\/de\/wp-json\/wp\/v2\/pages"}],"about":[{"href":"https:\/\/www.thurne.com\/de\/wp-json\/wp\/v2\/types\/page"}],"author":[{"embeddable":true,"href":"https:\/\/www.thurne.com\/de\/wp-json\/wp\/v2\/users\/1"}],"replies":[{"embeddable":true,"href":"https:\/\/www.thurne.com\/de\/wp-json\/wp\/v2\/comments?post=5664"}],"version-history":[{"count":5,"href":"https:\/\/www.thurne.com\/de\/wp-json\/wp\/v2\/pages\/5664\/revisions"}],"predecessor-version":[{"id":12154,"href":"https:\/\/www.thurne.com\/de\/wp-json\/wp\/v2\/pages\/5664\/revisions\/12154"}],"wp:attachment":[{"href":"https:\/\/www.thurne.com\/de\/wp-json\/wp\/v2\/media?parent=5664"}],"curies":[{"name":"wp","href":"https:\/\/api.w.org\/{rel}","templated":true}]}}