{"id":13080,"date":"2022-11-03T10:09:02","date_gmt":"2022-11-03T10:09:02","guid":{"rendered":"https:\/\/www.thurne.com\/?page_id=13080"},"modified":"2023-08-24T14:07:03","modified_gmt":"2023-08-24T14:07:03","slug":"gastronomie-speck","status":"publish","type":"page","link":"https:\/\/www.thurne.com\/de\/gastronomie-speck\/","title":{"rendered":"System f\u00fcr die Produktion von Gastronomie-Speck"},"content":{"rendered":"<div class=\"wpb-content-wrapper\"><p>[vc_row][vc_column][vc_row_inner][vc_column_inner width=&#8220;1\/4&#8243;][vc_single_image image=&#8220;12940&#8243; img_size=&#8220;full&#8220;][\/vc_column_inner][vc_column_inner width=&#8220;3\/4&#8243;][vc_column_text]<\/p>\n<h1><strong>Linie zum Schneiden und Verpacken von Speck f\u00fcr die Gastronomie<\/strong><\/h1>\n<p>[\/vc_column_text][\/vc_column_inner][\/vc_row_inner][vc_column_text]<\/p>\n<h3>Die Middleby Foodservice Bacon Line vereint hochmoderne Ger\u00e4te der Middleby Food Processing Gruppe, um maximale Leistung, gro\u00dfartige Pr\u00e4sentation und Arbeitseinsparungen zu bieten.<\/h3>\n<p>[\/vc_column_text][vc_column_text]<\/p>\n<span class=\"image-placeholder video\" style=\"padding-bottom:56.29629630%\"><video controls class=\"video-js-el vjs-default-skin wp-video-shortcode\" src preload=\"metadata\" width=\"945\" height=\"532\" mp4=\"https:\/\/www.thurne.com\/wp-content\/uploads\/2022\/11\/Thurne-two-bacon-Foodservice-line_web.mp4\" data-vsetup=\"[]\" playsinline=\"playsinline\"><source type=\"video\/mp4\" src=\"https:\/\/www.thurne.com\/wp-content\/uploads\/2022\/11\/Thurne-two-bacon-Foodservice-line_web.mp4?_=1\" \/><\/video><\/span>\n<p>[\/vc_column_text][\/vc_column][\/vc_row][vc_row][vc_column][vc_row_inner equal_height=&#8220;yes&#8220; content_placement=&#8220;middle&#8220;][vc_column_inner width=&#8220;1\/6&#8243;][vc_single_image image=&#8220;12003&#8243; img_size=&#8220;full&#8220; alignment=&#8220;center&#8220;][\/vc_column_inner][vc_column_inner width=&#8220;2\/3&#8243;][vc_column_text]<a href=\"https:\/\/www.thurne.com\/de\/slicers\/thurne-two-bacon-slicer\/\"><strong>two bacon Slicer<\/strong><\/a><\/p>\n<ul>\n<li>Produziert bis zu 150 Gruppen von 9 individuellen Scheiben pro Minute<\/li>\n<li>Das Vision-System f\u00fcr die Schnittfl\u00e4che gew\u00e4hrleistet eine vollst\u00e4ndige Prozesskontrolle und erh\u00f6ht die Konsistenz des Gewichts der einzelnen Scheiben<\/li>\n<li>Hohe Genauigkeit des Scheibengewichts reduziert die Anzahl der Kartons, die das Zielgewicht \u00fcberschreiten<\/li>\n<li>Hervorragende Schnittqualit\u00e4t und Pr\u00e4sentation von Scheiben und Gruppen<\/li>\n<\/ul>\n<p>[\/vc_column_text][\/vc_column_inner][vc_column_inner width=&#8220;1\/6&#8243;][vc_single_image image=&#8220;10172&#8243; img_size=&#8220;full&#8220; alignment=&#8220;center&#8220;][\/vc_column_inner][\/vc_row_inner][vc_row_inner][vc_column_inner offset=&#8220;vc_hidden-lg vc_hidden-md vc_hidden-sm&#8220;][vc_separator][\/vc_column_inner][\/vc_row_inner][vc_row_inner equal_height=&#8220;yes&#8220; content_placement=&#8220;middle&#8220;][vc_column_inner width=&#8220;1\/6&#8243;][vc_single_image image=&#8220;11962&#8243; img_size=&#8220;full&#8220; alignment=&#8220;center&#8220; onclick=&#8220;custom_link&#8220; link=&#8220;https:\/\/www.pacproinc.com\/&#8220;][\/vc_column_inner][vc_column_inner width=&#8220;2\/3&#8243;][vc_column_text]<a href=\"https:\/\/www.pacproinc.com\/applications\/bacon\/\"><strong>ProLeaver\u00ae Foodservice Bacon und ProStax\u00ae Dual Station Starwheel Stacker<\/strong><\/a><\/p>\n<ul>\n<li>Die Automatisierung von der Papierausgabe bis zur Verpackung reduziert den Arbeitsaufwand, die Schulungskosten und Verletzungen durch repetitive Bewegungen<\/li>\n<li>Spendet und schneidet Unterleger von der Rolle auf die ben\u00f6tigte L\u00e4nge zu<\/li>\n<li>Z\u00e4hlt and tr\u00e4gt die unterlegten Gruppen automatisch in qualitativ hochwertigen Stapeln zusammen<\/li>\n<li>Einfaches Einwiegen: dynamische Waage stoppt und zeigt dem Personal an, wie viele Scheiben hinzugef\u00fcgt werden m\u00fcssen<\/li>\n<li>Kein manuelles Heben von Stapeln. Legt die Stapel direkt in die Verpackungsmaschine<\/li>\n<\/ul>\n<p>[\/vc_column_text][\/vc_column_inner][vc_column_inner width=&#8220;1\/6&#8243;][vc_single_image image=&#8220;5836&#8243; img_size=&#8220;full&#8220;][\/vc_column_inner][\/vc_row_inner][vc_row_inner equal_height=&#8220;yes&#8220; content_placement=&#8220;middle&#8220;][vc_column_inner width=&#8220;1\/6&#8243;][vc_single_image image=&#8220;12940&#8243; img_size=&#8220;full&#8220; onclick=&#8220;custom_link&#8220; link=&#8220;https:\/\/www.middprocessing.com\/slicingLoadingPackaging.html&#8220;][\/vc_column_inner][vc_column_inner width=&#8220;2\/3&#8243;][vc_column_text]<a href=\"https:\/\/www.middprocessing.com\/slicingLoadingPackaging.html\"><strong>Middleby Verpackungsoptionen<\/strong><\/a><\/p>\n<p>Unsere Schwestermarken von Middleby Packaging liefern eine Reihe von Verpackungsanlagen f\u00fcr Anwendungen mit Vakuum- und Schutzatmosph\u00e4re, die mit dem PacproInc\u00ae ProStax\u00ae Stacker integriert werden k\u00f6nnen.<\/p>\n<ul>\n<li><a href=\"https:\/\/www.cppac.com\/vp190\/\">CP Packaging VisionPak VP190<\/a><\/li>\n<li><a href=\"https:\/\/rapidpak.com\/rp-45-machine\/\">Rapidpak RP-45 <\/a><\/li>\n<li><a href=\"https:\/\/www.cv-tek.com\/masterpacker\/\">CV-Tek MasterPacker <\/a><\/li>\n<\/ul>\n<p>[\/vc_column_text][\/vc_column_inner][vc_column_inner width=&#8220;1\/6&#8243;][\/vc_column_inner][\/vc_row_inner][vc_row_inner equal_height=&#8220;yes&#8220; content_placement=&#8220;middle&#8220;][vc_column_inner width=&#8220;1\/6&#8243;][vc_single_image image=&#8220;12940&#8243; img_size=&#8220;full&#8220; onclick=&#8220;custom_link&#8220; link=&#8220;https:\/\/www.middprocessing.com\/slicingLoadingPackaging.html&#8220;][\/vc_column_inner][vc_column_inner width=&#8220;2\/3&#8243;][vc_column_text]<a href=\"https:\/\/www.middprocessing.com\/processingPrep.html\"><strong>Equipment f\u00fcr die Produktvorbereitung von Middleby<\/strong><\/a><\/p>\n<p>Unsere Middleby Schwestermarken liefern eine Reihe von Ger\u00e4ten f\u00fcr die Produktvorbereitung und vorgelagerte Automatisierung der Foodservice-Linie, die den Slicer \u00fcber ein horizontales Vorschubband beschicken:<\/p>\n<ul>\n<li><a href=\"https:\/\/cozzini.com\/product\/bacon-belly-slicer-feeding-system\/\">Cozzini Belly Feeder<\/a> zum Puffern und Laden von B\u00e4uchen in die Schneidemaschine<\/li>\n<li><a href=\"http:\/\/www.danfotech.com\/BaconPress.html\">Danfotech Pressen<\/a> zum automatischen Laden der Schneidemaschine direkt von der Presse<\/li>\n<\/ul>\n<p>[\/vc_column_text][\/vc_column_inner][vc_column_inner width=&#8220;1\/6&#8243;][\/vc_column_inner][\/vc_row_inner][vc_separator][vc_column_text]<\/p>\n<h3 style=\"text-align: left;\"><strong>Der Middleby Vorteil<\/strong><\/h3>\n<p>[\/vc_column_text][vc_row_inner equal_height=&#8220;yes&#8220; content_placement=&#8220;middle&#8220;][vc_column_inner width=&#8220;1\/6&#8243;][vc_single_image image=&#8220;12940&#8243; img_size=&#8220;full&#8220;][\/vc_column_inner][vc_column_inner width=&#8220;2\/3&#8243;][vc_column_text]<\/p>\n<ul>\n<li>Nahtlose Integration des gesamten Prozesses durch einen Partner<\/li>\n<li>Zentralisiertes Projektmanagement<\/li>\n<li>Leistungsgarantie<\/li>\n<li>Zukunftssichere Technologie mit optimaler Automatisierung, Integration und Steuerung<\/li>\n<li>Umfassende FAT f\u00fcr einen kurze Installation und rechtzeitigen Produktionsstart<\/li>\n<li>Lokaler Service und Support<\/li>\n<li>M\u00f6gliche Verringerung des Ersatzteil-Bestands durch Verwendung von Komponenten, die Middleby-Maschinen gemeinsam sind<\/li>\n<li>Eine ausgeglichene Linie bietet gleichbleibend hohe Leistung und Effizienz und spart Zeit und Geld<\/li>\n<\/ul>\n<p>[\/vc_column_text][\/vc_column_inner][vc_column_inner width=&#8220;1\/6&#8243;][\/vc_column_inner][\/vc_row_inner][\/vc_column][\/vc_row][vc_row][vc_column][vc_separator][vc_column_text]<\/p>\n<p style=\"text-align: left;\"><strong>Setzen Sie sich mit uns in Verbindung, um eine Demo im Middleby Protein Innovation Center zu vereinbaren!<\/strong><\/p>\n<p>[\/vc_column_text][mvc_advanced_button btn_text=&#8220;GET IN TOUCH!&#8220; padding_top=&#8220;12&#8243; padding_left=&#8220;24&#8243; btn_block=&#8220;btn_block&#8220; btn_size=&#8220;15&#8243; icon_size=&#8220;20&#8243; transform=&#8220;uppercase&#8220; text_style=&#8220;normal&#8220; text_decoration=&#8220;none&#8220; use_theme_fonts=&#8220;yes&#8220; btn_clr=&#8220;#ffffff&#8220; btn_bg=&#8220;#012169&#8243; btn_hvrclr=&#8220;#ffffff&#8220; btn_hvrbg=&#8220;#dd3333&#8243; btn_radius=&#8220;5&#8243; classname=&#8220;popmake-866&#8243;][\/vc_column][\/vc_row][vc_row][vc_column][vc_empty_space][\/vc_column][\/vc_row]<\/p>\n<\/div>","protected":false},"excerpt":{"rendered":"<p>[vc_row][vc_column][vc_row_inner][vc_column_inner width=&#8220;1\/4&#8243;][vc_single_image image=&#8220;12940&#8243; img_size=&#8220;full&#8220;][\/vc_column_inner][vc_column_inner width=&#8220;3\/4&#8243;][vc_column_text] Linie zum Schneiden und Verpacken von Speck f\u00fcr die Gastronomie [\/vc_column_text][\/vc_column_inner][\/vc_row_inner][vc_column_text] Die Middleby Foodservice Bacon Line vereint hochmoderne Ger\u00e4te der Middleby Food Processing Gruppe, um maximale Leistung, gro\u00dfartige Pr\u00e4sentation und Arbeitseinsparungen zu bieten. [\/vc_column_text][vc_column_text] [\/vc_column_text][\/vc_column][\/vc_row][vc_row][vc_column][vc_row_inner equal_height=&#8220;yes&#8220; content_placement=&#8220;middle&#8220;][vc_column_inner width=&#8220;1\/6&#8243;][vc_single_image image=&#8220;12003&#8243; img_size=&#8220;full&#8220; alignment=&#8220;center&#8220;][\/vc_column_inner][vc_column_inner width=&#8220;2\/3&#8243;][vc_column_text]two bacon Slicer Produziert bis zu 150 Gruppen von&hellip;<\/p>\n","protected":false},"author":1,"featured_media":0,"parent":0,"menu_order":0,"comment_status":"closed","ping_status":"closed","template":"","meta":{"_acf_changed":false,"footnotes":""},"class_list":["post-13080","page","type-page","status-publish","hentry"],"acf":[],"yoast_head":"<!-- This site is optimized with the Yoast SEO plugin v27.4 - https:\/\/yoast.com\/product\/yoast-seo-wordpress\/ -->\n<title>System f\u00fcr die Produktion von Gastronomie-Speck - Thurne Slicers<\/title>\n<meta name=\"robots\" content=\"noindex, nofollow\" \/>\n<meta property=\"og:locale\" content=\"de_DE\" \/>\n<meta property=\"og:type\" content=\"article\" \/>\n<meta property=\"og:title\" content=\"System f\u00fcr die Produktion von Gastronomie-Speck - Thurne Slicers\" \/>\n<meta property=\"og:description\" content=\"[vc_row][vc_column][vc_row_inner][vc_column_inner width=&#8220;1\/4&#8243;][vc_single_image image=&#8220;12940&#8243; img_size=&#8220;full&#8220;][\/vc_column_inner][vc_column_inner width=&#8220;3\/4&#8243;][vc_column_text] Linie zum Schneiden und Verpacken von Speck f\u00fcr die Gastronomie [\/vc_column_text][\/vc_column_inner][\/vc_row_inner][vc_column_text] Die Middleby Foodservice Bacon Line vereint hochmoderne Ger\u00e4te der Middleby Food Processing Gruppe, um maximale Leistung, gro\u00dfartige Pr\u00e4sentation und Arbeitseinsparungen zu bieten. [\/vc_column_text][vc_column_text] [\/vc_column_text][\/vc_column][\/vc_row][vc_row][vc_column][vc_row_inner equal_height=&#8220;yes&#8220; content_placement=&#8220;middle&#8220;][vc_column_inner width=&#8220;1\/6&#8243;][vc_single_image image=&#8220;12003&#8243; img_size=&#8220;full&#8220; alignment=&#8220;center&#8220;][\/vc_column_inner][vc_column_inner width=&#8220;2\/3&#8243;][vc_column_text]two bacon Slicer Produziert bis zu 150 Gruppen von&hellip;\" \/>\n<meta property=\"og:url\" content=\"https:\/\/www.thurne.com\/de\/gastronomie-speck\/\" \/>\n<meta property=\"og:site_name\" content=\"Thurne Slicers\" \/>\n<meta property=\"article:publisher\" content=\"https:\/\/www.facebook.com\/thurnemiddleby\/\" \/>\n<meta property=\"article:modified_time\" content=\"2023-08-24T14:07:03+00:00\" \/>\n<meta property=\"og:image\" content=\"https:\/\/www.thurne.com\/wp-content\/uploads\/2020\/11\/FINAL-THURNE-LOGO-FEB-2015-CMYK.png\" \/>\n\t<meta property=\"og:image:width\" content=\"1067\" \/>\n\t<meta property=\"og:image:height\" content=\"374\" \/>\n\t<meta property=\"og:image:type\" content=\"image\/png\" \/>\n<meta name=\"twitter:card\" content=\"summary_large_image\" \/>\n<meta name=\"twitter:site\" content=\"@ThurneSlicers\" \/>\n<!-- \/ Yoast SEO plugin. -->","yoast_head_json":{"title":"System f\u00fcr die Produktion von Gastronomie-Speck - Thurne Slicers","robots":{"index":"noindex","follow":"nofollow"},"og_locale":"de_DE","og_type":"article","og_title":"System f\u00fcr die Produktion von Gastronomie-Speck - Thurne Slicers","og_description":"[vc_row][vc_column][vc_row_inner][vc_column_inner width=&#8220;1\/4&#8243;][vc_single_image image=&#8220;12940&#8243; img_size=&#8220;full&#8220;][\/vc_column_inner][vc_column_inner width=&#8220;3\/4&#8243;][vc_column_text] Linie zum Schneiden und Verpacken von Speck f\u00fcr die Gastronomie [\/vc_column_text][\/vc_column_inner][\/vc_row_inner][vc_column_text] Die Middleby Foodservice Bacon Line vereint hochmoderne Ger\u00e4te der Middleby Food Processing Gruppe, um maximale Leistung, gro\u00dfartige Pr\u00e4sentation und Arbeitseinsparungen zu bieten. [\/vc_column_text][vc_column_text] [\/vc_column_text][\/vc_column][\/vc_row][vc_row][vc_column][vc_row_inner equal_height=&#8220;yes&#8220; content_placement=&#8220;middle&#8220;][vc_column_inner width=&#8220;1\/6&#8243;][vc_single_image image=&#8220;12003&#8243; img_size=&#8220;full&#8220; alignment=&#8220;center&#8220;][\/vc_column_inner][vc_column_inner width=&#8220;2\/3&#8243;][vc_column_text]two bacon Slicer Produziert bis zu 150 Gruppen von&hellip;","og_url":"https:\/\/www.thurne.com\/de\/gastronomie-speck\/","og_site_name":"Thurne Slicers","article_publisher":"https:\/\/www.facebook.com\/thurnemiddleby\/","article_modified_time":"2023-08-24T14:07:03+00:00","og_image":[{"width":1067,"height":374,"url":"https:\/\/www.thurne.com\/wp-content\/uploads\/2020\/11\/FINAL-THURNE-LOGO-FEB-2015-CMYK.png","type":"image\/png"}],"twitter_card":"summary_large_image","twitter_site":"@ThurneSlicers","schema":{"@context":"https:\/\/schema.org","@graph":[{"@type":"WebPage","@id":"https:\/\/www.thurne.com\/de\/gastronomie-speck\/","url":"https:\/\/www.thurne.com\/de\/gastronomie-speck\/","name":"System f\u00fcr die Produktion von Gastronomie-Speck - Thurne Slicers","isPartOf":{"@id":"https:\/\/www.thurne.com\/de\/#website"},"datePublished":"2022-11-03T10:09:02+00:00","dateModified":"2023-08-24T14:07:03+00:00","breadcrumb":{"@id":"https:\/\/www.thurne.com\/de\/gastronomie-speck\/#breadcrumb"},"inLanguage":"de","potentialAction":[{"@type":"ReadAction","target":["https:\/\/www.thurne.com\/de\/gastronomie-speck\/"]}]},{"@type":"BreadcrumbList","@id":"https:\/\/www.thurne.com\/de\/gastronomie-speck\/#breadcrumb","itemListElement":[{"@type":"ListItem","position":1,"name":"Home","item":"https:\/\/www.thurne.com\/de\/"},{"@type":"ListItem","position":2,"name":"System f\u00fcr die Produktion von Gastronomie-Speck"}]},{"@type":"WebSite","@id":"https:\/\/www.thurne.com\/de\/#website","url":"https:\/\/www.thurne.com\/de\/","name":"Thurne Slicers","description":"Thurne High Performance Slicing Systems","publisher":{"@id":"https:\/\/www.thurne.com\/de\/#organization"},"potentialAction":[{"@type":"SearchAction","target":{"@type":"EntryPoint","urlTemplate":"https:\/\/www.thurne.com\/de\/?s={search_term_string}"},"query-input":{"@type":"PropertyValueSpecification","valueRequired":true,"valueName":"search_term_string"}}],"inLanguage":"de"},{"@type":"Organization","@id":"https:\/\/www.thurne.com\/de\/#organization","name":"Thurne High Performance Slicing Systems","url":"https:\/\/www.thurne.com\/de\/","logo":{"@type":"ImageObject","inLanguage":"de","@id":"https:\/\/www.thurne.com\/de\/#\/schema\/logo\/image\/","url":"https:\/\/www.thurne.com\/wp-content\/uploads\/2020\/11\/FINAL-THURNE-LOGO-FEB-2015-CMYK.png","contentUrl":"https:\/\/www.thurne.com\/wp-content\/uploads\/2020\/11\/FINAL-THURNE-LOGO-FEB-2015-CMYK.png","width":1067,"height":374,"caption":"Thurne High Performance Slicing Systems"},"image":{"@id":"https:\/\/www.thurne.com\/de\/#\/schema\/logo\/image\/"},"sameAs":["https:\/\/www.facebook.com\/thurnemiddleby\/","https:\/\/x.com\/ThurneSlicers","https:\/\/www.linkedin.com\/company\/thurne-middleby-ltd","https:\/\/www.youtube.com\/channel\/UCvejSwv30BAuKKHGSdtUAEw"]}]}},"publishpress_future_action":{"enabled":false,"date":"2026-04-24 06:09:22","action":"change-status","newStatus":"draft","terms":[],"taxonomy":"translation_priority","extraData":[]},"publishpress_future_workflow_manual_trigger":{"enabledWorkflows":[]},"_links":{"self":[{"href":"https:\/\/www.thurne.com\/de\/wp-json\/wp\/v2\/pages\/13080","targetHints":{"allow":["GET"]}}],"collection":[{"href":"https:\/\/www.thurne.com\/de\/wp-json\/wp\/v2\/pages"}],"about":[{"href":"https:\/\/www.thurne.com\/de\/wp-json\/wp\/v2\/types\/page"}],"author":[{"embeddable":true,"href":"https:\/\/www.thurne.com\/de\/wp-json\/wp\/v2\/users\/1"}],"replies":[{"embeddable":true,"href":"https:\/\/www.thurne.com\/de\/wp-json\/wp\/v2\/comments?post=13080"}],"version-history":[{"count":5,"href":"https:\/\/www.thurne.com\/de\/wp-json\/wp\/v2\/pages\/13080\/revisions"}],"predecessor-version":[{"id":13086,"href":"https:\/\/www.thurne.com\/de\/wp-json\/wp\/v2\/pages\/13080\/revisions\/13086"}],"wp:attachment":[{"href":"https:\/\/www.thurne.com\/de\/wp-json\/wp\/v2\/media?parent=13080"}],"curies":[{"name":"wp","href":"https:\/\/api.w.org\/{rel}","templated":true}]}}